{"id":163,"date":"2024-09-12T11:17:53","date_gmt":"2024-09-12T09:17:53","guid":{"rendered":"https:\/\/camerapulitica.fr\/?page_id=163"},"modified":"2025-10-30T14:33:40","modified_gmt":"2025-10-30T13:33:40","slug":"camera-pulitica","status":"publish","type":"page","link":"https:\/\/camerapulitica.fr\/","title":{"rendered":"CAMERA PULITICA"},"content":{"rendered":"<div id=\"pl-163\"  class=\"panel-layout\" ><div id=\"pg-163-0\"  class=\"panel-grid panel-has-style\" ><div style=\"padding: 10px 0; \" data-overlay=\"true\" data-overlay-color=\"#000000\" class=\"panel-row-style panel-row-style-for-163-0\" ><div id=\"pgc-163-0-0\"  class=\"panel-grid-cell\" ><div id=\"panel-163-0-0-0\" class=\"so-panel widget widget_sow-editor panel-first-child panel-last-child\" data-index=\"0\" ><div style=\"text-align: left;\" data-title-color=\"#443f3f\" data-headings-color=\"#443f3f\" class=\"panel-widget-style panel-widget-style-for-163-0-0-0\" ><div\n\t\t\t\n\t\t\tclass=\"so-widget-sow-editor so-widget-sow-editor-base\"\n\t\t\t\n\t\t><h3 class=\"widget-title\">FESTIVAL DU FILM ENGAG\u00c9<\/h3>\n<div class=\"siteorigin-widget-tinymce textwidget\">\n\t<p style=\"text-align: center;\">Du 25 au 29 novembre 2025 au Spaziu Carlu Rocchi de Biguglia<\/p>\n<\/div>\n<\/div><\/div><\/div><\/div><\/div><\/div><div id=\"pg-163-1\"  class=\"panel-grid panel-has-style\" ><div style=\"padding: 10px 0; \" data-overlay=\"true\" data-overlay-color=\"#000000\" class=\"panel-row-style panel-row-style-for-163-1\" ><div id=\"pgc-163-1-0\"  class=\"panel-grid-cell\" ><div id=\"panel-163-1-0-0\" class=\"so-panel widget widget_sow-image panel-first-child panel-last-child\" data-index=\"1\" ><div style=\"text-align: left;\" data-title-color=\"#443f3f\" data-headings-color=\"#443f3f\" class=\"panel-widget-style panel-widget-style-for-163-1-0-0\" ><div\n\t\t\t\n\t\t\tclass=\"so-widget-sow-image so-widget-sow-image-default-8b5b6f678277-163\"\n\t\t\t\n\t\t>\n\n<div class=\"sow-image-container\">\n\t\t<img loading=\"lazy\" decoding=\"async\" src=\"https:\/\/camerapulitica.fr\/wp-content\/uploads\/2025\/10\/affiche-camera-pulitica-light.jpg\" width=\"425\" height=\"638\" srcset=\"https:\/\/camerapulitica.fr\/wp-content\/uploads\/2025\/10\/affiche-camera-pulitica-light.jpg 425w, https:\/\/camerapulitica.fr\/wp-content\/uploads\/2025\/10\/affiche-camera-pulitica-light-200x300.jpg 200w, https:\/\/camerapulitica.fr\/wp-content\/uploads\/2025\/10\/affiche-camera-pulitica-light-230x345.jpg 230w, https:\/\/camerapulitica.fr\/wp-content\/uploads\/2025\/10\/affiche-camera-pulitica-light-350x525.jpg 350w\" sizes=\"auto, (max-width: 425px) 100vw, 425px\" title=\"affiche camera pulitica light\" alt=\"\" \t\tclass=\"so-widget-image\"\/>\n\t<\/div>\n\n<\/div><\/div><\/div><\/div><div id=\"pgc-163-1-1\"  class=\"panel-grid-cell\" ><div id=\"panel-163-1-1-0\" class=\"so-panel widget widget_sow-editor panel-first-child panel-last-child\" data-index=\"2\" ><div style=\"text-align: left;\" data-title-color=\"#443f3f\" data-headings-color=\"#443f3f\" class=\"panel-widget-style panel-widget-style-for-163-1-1-0\" ><div\n\t\t\t\n\t\t\tclass=\"so-widget-sow-editor so-widget-sow-editor-base\"\n\t\t\t\n\t\t>\n<div class=\"siteorigin-widget-tinymce textwidget\">\n\t<p style=\"text-align: justify;\"><span style=\"font-weight: 400;\">Et si la politique comme l\u2019histoire b\u00e9gayait\u2026<\/span><\/p>\n<p style=\"text-align: justify;\"><span style=\"font-weight: 400;\">Et si\u2026<\/span><\/p>\n<p style=\"text-align: justify;\"><span style=\"font-weight: 400;\">Si le fascisme n\u2019avait pas dit son dernier mot. Si l\u2019ub\u00e9risation de nos soci\u00e9t\u00e9s ouvrait la voie \u00e0 un nouvel esclavage avec la pr\u00e9carisation du travail hors de toute protection l\u00e9gale. Si le quatri\u00e8me pouvoir subissait le m\u00eame discr\u00e9dit que les autres. Si la violence des guerres et des conflits \u00e9tait sans fin. En fait, si la dystopie se r\u00e9v\u00e9lait une pr\u00e9monition du futur.<\/span><\/p>\n<p style=\"text-align: justify;\"><span style=\"font-weight: 400;\">Stop ! Rembobinons ! Non ! Ne jouons pas \u00e0 nous faire peur..<\/span><\/p>\n<p style=\"text-align: justify;\"><span style=\"font-weight: 400;\">Car la politique puisqu\u2019il faut l\u2019appeler par son nom, a \u00e9lu domicile pour cinq jours au Spaziu Carlu Rocchi, devenu place publique du 25 au 29 novembre \u00e0 l\u2019occasion de la deuxi\u00e8me \u00e9dition de<\/span><b><i> Camera Pulitica<\/i><\/b><span style=\"font-weight: 400;\">. Un jeune festival de cin\u00e9ma sans langue de bois, largement ouvert au d\u00e9bat d\u2019id\u00e9es, un espace de libre parole et de libre pens\u00e9e, programm\u00e9 par Arte Mare et Christophe Bourseiller, \u00e9crivain, historien, homme de radio \u00e0 l\u2019esprit critique ac\u00e9r\u00e9.\u00a0<\/span><\/p>\n<p style=\"text-align: justify;\"><span style=\"font-weight: 400;\">\u00c0 ceux qui se m\u00e9fient des beaux discours, des fake news des r\u00e9seaux sociaux, rappelons que le cin\u00e9ma ne pr\u00e9tend pas r\u00e9soudre les probl\u00e8mes mais seulement les montrer, r\u00e9v\u00e9ler le monde en vingt-quatre images lumineuses, \u00ab vingt-quatre fois la v\u00e9rit\u00e9 par seconde \u00bb.\u00a0<\/span><\/p>\n<p style=\"text-align: justify;\"><span style=\"font-weight: 400;\">Et puis a minima, si vous ne pouvez changer les opinions des gens avec un film, vous pouvez au moins engendrer une discussion politique, c\u2019est-\u00e0-dire faire vivre la d\u00e9mocratie.<\/span><\/p>\n<\/div>\n<\/div><\/div><\/div><\/div><\/div><\/div><div id=\"pg-163-2\"  class=\"panel-grid panel-has-style\" ><div style=\"padding: 100px 0; \" data-overlay=\"true\" data-overlay-color=\"#000000\" class=\"panel-row-style panel-row-style-for-163-2\" ><div id=\"pgc-163-2-0\"  class=\"panel-grid-cell\" ><div id=\"panel-163-2-0-0\" class=\"so-panel widget widget_sow-video panel-first-child panel-last-child\" data-index=\"3\" ><div style=\"text-align: left;\" data-title-color=\"#443f3f\" data-headings-color=\"#443f3f\" class=\"panel-widget-style panel-widget-style-for-163-2-0-0\" ><div\n\t\t\t\n\t\t\tclass=\"so-widget-sow-video so-widget-sow-video-default-f379b959fc93-163\"\n\t\t\t\n\t\t>\n<div class=\"sow-video-wrapper no-controls\">\n\t\t\t<iframe loading=\"lazy\" title=\"Teaser de la deuxi\u00e8me \u00e9dition du festival du film engag\u00e9, Camera Pulitica.\" width=\"1170\" height=\"658\" src=\"https:\/\/www.youtube.com\/embed\/_yvpmFMQjL8?feature=oembed&autoplay=1&mute=1&enablejsapi=1\" frameborder=\"0\" allow=\"accelerometer; autoplay; clipboard-write; encrypted-media; gyroscope; picture-in-picture; web-share\" referrerpolicy=\"strict-origin-when-cross-origin\" allowfullscreen allowfullscreen mozallowfullscreen webkitallowfullscreen><\/iframe>\t<\/div>\n<\/div><\/div><\/div><\/div><\/div><\/div><\/div>","protected":false},"excerpt":{"rendered":"<p>Du 25 au 29 novembre 2025 au Spaziu Carlu Rocchi de Biguglia Et si la politique comme l\u2019histoire b\u00e9gayait\u2026 Et si\u2026 Si le fascisme n\u2019avait pas dit son dernier mot. Si l\u2019ub\u00e9risation de nos soci\u00e9t\u00e9s ouvrait la voie \u00e0 un nouvel esclavage avec la pr\u00e9carisation du travail hors de toute [&hellip;]<\/p>\n","protected":false},"author":2,"featured_media":0,"parent":0,"menu_order":0,"comment_status":"closed","ping_status":"closed","template":"","meta":{"footnotes":""},"class_list":["post-163","page","type-page","status-publish","hentry"],"_links":{"self":[{"href":"https:\/\/camerapulitica.fr\/index.php\/wp-json\/wp\/v2\/pages\/163","targetHints":{"allow":["GET"]}}],"collection":[{"href":"https:\/\/camerapulitica.fr\/index.php\/wp-json\/wp\/v2\/pages"}],"about":[{"href":"https:\/\/camerapulitica.fr\/index.php\/wp-json\/wp\/v2\/types\/page"}],"author":[{"embeddable":true,"href":"https:\/\/camerapulitica.fr\/index.php\/wp-json\/wp\/v2\/users\/2"}],"replies":[{"embeddable":true,"href":"https:\/\/camerapulitica.fr\/index.php\/wp-json\/wp\/v2\/comments?post=163"}],"version-history":[{"count":5,"href":"https:\/\/camerapulitica.fr\/index.php\/wp-json\/wp\/v2\/pages\/163\/revisions"}],"predecessor-version":[{"id":460,"href":"https:\/\/camerapulitica.fr\/index.php\/wp-json\/wp\/v2\/pages\/163\/revisions\/460"}],"wp:attachment":[{"href":"https:\/\/camerapulitica.fr\/index.php\/wp-json\/wp\/v2\/media?parent=163"}],"curies":[{"name":"wp","href":"https:\/\/api.w.org\/{rel}","templated":true}]}}