{"id":315,"date":"2024-11-06T19:13:19","date_gmt":"2024-11-06T18:13:19","guid":{"rendered":"https:\/\/camerapulitica.fr\/?page_id=315"},"modified":"2025-11-07T12:21:30","modified_gmt":"2025-11-07T11:21:30","slug":"grille-2024","status":"publish","type":"page","link":"https:\/\/camerapulitica.fr\/index.php\/grille-2024\/","title":{"rendered":"GRILLE 2024"},"content":{"rendered":"<div id=\"pl-315\"  class=\"panel-layout\" ><div id=\"pg-315-0\"  class=\"panel-grid panel-has-style\" ><div style=\"padding: 100px 0; \" data-overlay=\"true\" class=\"panel-row-style panel-row-style-for-315-0\" ><div id=\"pgc-315-0-0\"  class=\"panel-grid-cell\" ><div id=\"panel-315-0-0-0\" class=\"so-panel widget widget_sow-editor panel-first-child\" data-index=\"0\" ><div style=\"text-align: left;\" data-title-color=\"#443f3f\" data-headings-color=\"#443f3f\" class=\"panel-widget-style panel-widget-style-for-315-0-0-0\" ><div\n\t\t\t\n\t\t\tclass=\"so-widget-sow-editor so-widget-sow-editor-base\"\n\t\t\t\n\t\t>\n<div class=\"siteorigin-widget-tinymce textwidget\">\n\t<p><a href=\"https:\/\/camerapulitica.fr\/shared-files\/447\/?d\u00e9pliant%20camera%20pulitica%20light.pdf\" target=\"_blank\" rel=\"noopener\">T\u00e9l\u00e9charger le d\u00e9pliant<\/a><\/p>\n<\/div>\n<\/div><\/div><\/div><div id=\"panel-315-0-0-1\" class=\"so-panel widget widget_sow-editor panel-last-child\" data-index=\"1\" ><div style=\"text-align: left;\" data-title-color=\"#443f3f\" data-headings-color=\"#443f3f\" class=\"panel-widget-style panel-widget-style-for-315-0-0-1\" ><div\n\t\t\t\n\t\t\tclass=\"so-widget-sow-editor so-widget-sow-editor-base\"\n\t\t\t\n\t\t>\n<div class=\"siteorigin-widget-tinymce textwidget\">\n\t<table style=\"border-collapse: collapse; width: 100%; height: 905px;\" border=\"1\">\n<tbody>\n<tr style=\"height: 65px;\">\n<td style=\"width: 4.071510957324108%; height: 65px;\"><\/td>\n<td style=\"width: 19.088811995386394%; text-align: center; background-color: #b34444; vertical-align: middle; height: 65px;\">\n<h3><span style=\"color: #ffffff;\"><strong>Mercredi 20\u00a0<\/strong><\/span><\/h3>\n<\/td>\n<td style=\"width: 18.74279123414071%; text-align: center; background-color: #b34444; vertical-align: middle; height: 65px;\">\n<h3><span style=\"color: #ffffff;\"><strong>Jeudi 21\u00a0<\/strong><\/span><\/h3>\n<\/td>\n<td style=\"width: 20.05767012687428%; text-align: center; background-color: #b34444; vertical-align: middle; height: 65px;\">\n<h3><span style=\"color: #ffffff;\"><strong>Vendredi 22\u00a0<\/strong><\/span><\/h3>\n<\/td>\n<td style=\"width: 19.15801614763553%; text-align: center; background-color: #b34444; vertical-align: middle; height: 65px;\">\n<h3><span style=\"color: #ffffff;\"><strong>Samedi 23\u00a0<\/strong><\/span><\/h3>\n<\/td>\n<td style=\"width: 18.881199538638985%; text-align: center; background-color: #b34444; vertical-align: middle; height: 65px;\">\n<h3><span style=\"color: #ffffff;\"><strong>Dimanche 24<\/strong><\/span><\/h3>\n<\/td>\n<\/tr>\n<tr style=\"height: 80px;\">\n<td style=\"width: 4.071510957324108%; text-align: center; height: 80px;\"><strong>9h30<\/strong><\/td>\n<td style=\"width: 19.088811995386394%; text-align: center; height: 80px;\"><\/td>\n<td style=\"width: 18.74279123414071%; text-align: center; background-color: #edbbbb; height: 80px;\">\n<div class=\"column\">\n<p><a href=\"https:\/\/camerapulitica.fr\/index.php\/2024\/11\/06\/le-brio\/\" target=\"_blank\" rel=\"noopener\"><em><strong><span style=\"color: #000000;\">LE BRIO<\/span><\/strong><\/em><\/a><br \/>\n<span style=\"color: #000000;\">d\u2019Yvan Attal<\/span><\/p>\n<\/div>\n<\/td>\n<td style=\"width: 20.05767012687428%; text-align: center; background-color: #edbbbb; height: 80px;\">\n<div class=\"column\">\n<p><a href=\"https:\/\/camerapulitica.fr\/index.php\/2024\/11\/06\/la-petite-bande\/\" target=\"_blank\" rel=\"noopener\"><em><strong><span style=\"color: #000000;\">LA PETITE BANDE<\/span><\/strong><\/em><\/a><br \/>\n<span style=\"color: #000000;\">de Pierre Salvadori<\/span><\/p>\n<\/div>\n<\/td>\n<td style=\"width: 19.15801614763553%; height: 80px;\"><\/td>\n<td style=\"width: 18.881199538638985%; height: 80px;\"><\/td>\n<\/tr>\n<tr style=\"height: 152px;\">\n<td style=\"width: 4.071510957324108%; text-align: center; height: 152px;\"><strong>14h<\/strong><\/td>\n<td style=\"width: 19.088811995386394%; text-align: center; height: 152px;\"><\/td>\n<td style=\"width: 18.74279123414071%; background-color: #979e6c; height: 152px; text-align: center;\">\n<div class=\"column\">\n<p><em><strong>\u00c9TATS DES LEUX SUR L'ENGAGEMENT DE LA JEUNESSE<br \/>\n<\/strong><\/em>Causerie anim\u00e9e par Isabelle Ferracci<\/p>\n<p>(COLL\u00c8GE DE BIGUGLIA)<\/p>\n<\/div>\n<\/td>\n<td style=\"width: 20.05767012687428%; text-align: center; background-color: #edbbbb; height: 152px;\">\n<div class=\"column\">\n<p><a href=\"https:\/\/camerapulitica.fr\/index.php\/2024\/11\/06\/anna\/\" target=\"_blank\" rel=\"noopener\"><em><strong>ANNA<\/strong><\/em><\/a><br \/>\nde Marco Amenta<\/p>\n<\/div>\n<\/td>\n<td style=\"width: 19.15801614763553%; text-align: center; background-color: #edbbbb; height: 152px;\">\n<div class=\"column\">\n<p><a href=\"https:\/\/camerapulitica.fr\/index.php\/2024\/11\/06\/the-wall\/\" target=\"_blank\" rel=\"noopener\"><em><strong>THE WALL<\/strong><\/em><\/a><br \/>\nde Philippe Van Leeuw<\/p>\n<\/div>\n<\/td>\n<td style=\"width: 18.881199538638985%; text-align: center; background-color: #edbbbb; height: 152px;\">\n<div class=\"column\">\n<p><a href=\"https:\/\/camerapulitica.fr\/index.php\/2024\/11\/06\/danser-sur-un-volcan\/\" target=\"_blank\" rel=\"noopener\"><em><strong>DANSER SUR UN VOLCAN<\/strong><\/em><\/a><br \/>\nde Cyril Aris<\/p>\n<\/div>\n<\/td>\n<\/tr>\n<tr style=\"height: 104px;\">\n<td style=\"width: 4.071510957324108%; text-align: center; height: 104px;\"><strong>16h<\/strong><\/td>\n<td style=\"width: 19.088811995386394%; text-align: center; height: 104px;\"><\/td>\n<td style=\"width: 18.74279123414071%; height: 104px; background-color: #f2e37e; text-align: center;\"><a href=\"https:\/\/camerapulitica.fr\/index.php\/2024\/09\/11\/concours-deloquence\/\" target=\"_blank\" rel=\"noopener\"><strong>CONCOURS D\u2019E\u0301LOQUENCE<\/strong><\/a><\/p>\n<p>(COLL\u00c8GE DE BIGUGLIA)<\/p>\n<\/td>\n<td style=\"width: 20.05767012687428%; height: 104px; background-color: #a391e3; text-align: center;\"><strong><a href=\"https:\/\/camerapulitica.fr\/index.php\/2024\/11\/06\/sante-maurizi-copy\/\" target=\"_blank\" rel=\"noopener\">MASTERCLASS<\/a><br \/>\n<\/strong>Paysage et cin\u00e9ma<\/td>\n<td style=\"width: 19.15801614763553%; background-color: #979e6c; height: 104px; text-align: center;\">\n<div class=\"column\">\n<p><a href=\"https:\/\/camerapulitica.fr\/index.php\/2024\/11\/06\/crime-et-politique\/\" target=\"_blank\" rel=\"noopener\"><strong>CRIME ET POLITIQUE<\/strong><\/a><br \/>\nCauserie anim\u00e9e par Jacques Pradel<\/p>\n<\/div>\n<\/td>\n<td style=\"width: 18.881199538638985%; background-color: #a391e3; height: 104px; text-align: center;\">\n<div class=\"column\">\n<p><strong><a href=\"https:\/\/camerapulitica.fr\/index.php\/2024\/11\/08\/masterclass-abraham-lincoln-antithese-des-etats-unis-de-2024\/\" target=\"_blank\" rel=\"noopener\">MASTERCLASS<\/a> <\/strong><\/p>\n<p>Abraham Lincoln, antith\u00e8se des \u00c9tats-Unis de 2024<\/p>\n<\/div>\n<\/td>\n<\/tr>\n<tr style=\"height: 104px;\">\n<td style=\"width: 4.071510957324108%; text-align: center; height: 104px;\"><strong>17h<\/strong><\/td>\n<td style=\"width: 19.088811995386394%; text-align: center; height: 104px;\"><\/td>\n<td style=\"width: 18.74279123414071%; background-color: #edbbbb; text-align: center; height: 104px;\">\n<div class=\"column\">\n<p><a href=\"https:\/\/camerapulitica.fr\/index.php\/2024\/11\/06\/moi-michel-rocard-jirai-dormir-en-corse\/\" target=\"_blank\" rel=\"noopener\"><em><strong>MOI, MICHEL ROCARD, J\u2019IRAI DORMIR EN CORSE<\/strong><\/em><\/a><br \/>\nde Jean-Michel Djian<\/p>\n<\/div>\n<\/td>\n<td style=\"width: 20.05767012687428%; text-align: center; height: 104px;\"><\/td>\n<td style=\"width: 19.15801614763553%; text-align: center; vertical-align: middle; height: 104px;\"><\/td>\n<td style=\"width: 18.881199538638985%; background-color: #edbbbb; text-align: center; height: 104px;\">\n<div class=\"column\">\n<p><a href=\"https:\/\/camerapulitica.fr\/index.php\/2024\/11\/06\/etats-de-violences\/\" target=\"_blank\" rel=\"noopener\"><em><strong>E\u0301TATS DE VIOLENCES<\/strong><\/em><\/a><br \/>\nde Christian Lorre<\/p>\n<\/div>\n<\/td>\n<\/tr>\n<tr style=\"height: 128px;\">\n<td style=\"width: 4.071510957324108%; text-align: center; height: 128px;\"><strong>18h<\/strong><\/td>\n<td style=\"width: 19.088811995386394%; text-align: center; height: 128px;\">\n<div class=\"layoutArea\">\n<div class=\"column\">\n<p>&nbsp;<\/p>\n<\/div>\n<\/div>\n<\/td>\n<td style=\"width: 18.74279123414071%; text-align: center; height: 128px; background-color: #979e6c;\"><a href=\"https:\/\/camerapulitica.fr\/index.php\/2024\/11\/06\/christophe-bourseiller-recoit-roselyne-bachelot-copy\/\" target=\"_blank\" rel=\"noopener\"><strong>L'ENGAGEMENT<\/strong><\/a><br \/>\nCauserie anim\u00e9e par Roselyne Bachelot<\/td>\n<td style=\"width: 20.05767012687428%; text-align: center; height: 128px; background-color: #979e6c;\">\n<div class=\"column\">\n<p><a href=\"https:\/\/camerapulitica.fr\/index.php\/2024\/11\/06\/vittorio-gazale-copy\/\" target=\"_blank\" rel=\"noopener\"><strong>COMMENT SAUVER LA CORSE ET LA SARDAIGNE ?<\/strong><\/a><br \/>\nCauserie anime\u0301e par Le\u0301a Salvini et Franc\u0327oise Ducret<\/p>\n<\/div>\n<\/td>\n<td style=\"width: 19.15801614763553%; text-align: center; height: 128px;\"><\/td>\n<td style=\"width: 18.881199538638985%; text-align: center; height: 128px;\"><\/td>\n<\/tr>\n<tr style=\"height: 104px;\">\n<td style=\"width: 4.071510957324108%; text-align: center; height: 104px;\"><strong>19h<\/strong><\/td>\n<td style=\"width: 19.088811995386394%; text-align: center; height: 104px;\"><\/td>\n<td style=\"width: 18.74279123414071%; text-align: center; height: 104px;\"><\/td>\n<td style=\"width: 20.05767012687428%; text-align: center; background-color: #aff0c9; height: 104px;\">\n<p class=\"column\"><a href=\"https:\/\/camerapulitica.fr\/index.php\/2024\/11\/06\/christophe-bourseiller-recoit-roselyne-bachelot\/\" target=\"_blank\" rel=\"noopener\"><strong>LE RENDEZ-VOUS<\/strong><\/a><br \/>\nChristophe Bourseiller rec\u0327oit<br \/>\n<strong>Roselyne Bachelot<\/strong><\/p>\n<\/td>\n<td style=\"width: 19.15801614763553%; text-align: center; background-color: #aff0c9; height: 104px;\">\n<p class=\"column\"><a href=\"https:\/\/camerapulitica.fr\/index.php\/2024\/11\/06\/christophe-bourseiller-recoit-thierry-de-peretti\/\" target=\"_blank\" rel=\"noopener\"><strong>LE RENDEZ-VOUS<\/strong><\/a><br \/>\nChristophe Bourseiller rec\u0327oit<br \/>\n<strong>Thierry de Peretti<\/strong><\/p>\n<\/td>\n<td style=\"width: 18.881199538638985%; text-align: center; background-color: #aff0c9; height: 104px;\">\n<div class=\"column\">\n<p><a href=\"https:\/\/camerapulitica.fr\/index.php\/2024\/11\/06\/christophe-bourseiller-recoit-leo-battesti\/\" target=\"_blank\" rel=\"noopener\"><strong>LE RENDEZ-VOUS<\/strong><\/a><br \/>\nChristophe Bourseiller rec\u0327oit<br \/>\n<strong>L\u00e9o Battesti<\/strong><\/p>\n<\/div>\n<\/td>\n<\/tr>\n<tr style=\"height: 168px;\">\n<td style=\"width: 4.071510957324108%; text-align: center; height: 168px;\"><strong>21h<\/strong><\/td>\n<td style=\"width: 19.088811995386394%; text-align: center; background-color: #edbbbb; height: 168px;\">\n<div class=\"column\">\n<p><a href=\"https:\/\/camerapulitica.fr\/index.php\/2024\/11\/06\/le-deluge\/\" target=\"_blank\" rel=\"noopener\"><em><strong>LE DE\u0301LUGE<\/strong><\/em><\/a><br \/>\nde Gianluca Jodice<\/p>\n<\/div>\n<\/td>\n<td style=\"width: 18.74279123414071%; text-align: center; background-color: #edbbbb; height: 168px;\">\n<div class=\"column\">\n<p><a href=\"https:\/\/camerapulitica.fr\/index.php\/2024\/11\/06\/tuttin-casa-cumuna\/\" target=\"_blank\" rel=\"noopener\"><em><strong>TUTT\u2019IN CASA CUMUNA<\/strong><\/em><\/a><br \/>\nde Miche\u0300 D\u2019Onofrio<\/p>\n<p><a href=\"https:\/\/camerapulitica.fr\/index.php\/2024\/11\/06\/ce-nouvel-an-qui-nest-jamais-arrive\/\" target=\"_blank\" rel=\"noopener\"><em><strong>CE NOUVEL AN QUI N\u2019EST JAMAIS ARRIVE\u0301<\/strong><\/em><\/a><br \/>\nde Bogdan Mures\u0327anu<\/p>\n<\/div>\n<\/td>\n<td style=\"width: 20.05767012687428%; text-align: center; background-color: #edbbbb; height: 168px;\">\n<div class=\"column\">\n<p><a href=\"https:\/\/camerapulitica.fr\/index.php\/2024\/11\/06\/fdp\/\" target=\"_blank\" rel=\"noopener\"><em><strong>FDP<\/strong><\/em><\/a><br \/>\nde Stephan Regoli<\/p>\n<p><a href=\"https:\/\/camerapulitica.fr\/index.php\/2024\/11\/06\/palazzina-laf\/\" target=\"_blank\" rel=\"noopener\"><em><strong>PALAZZINA LAF<\/strong><\/em><\/a><br \/>\nde Michele Riondino<\/p>\n<\/div>\n<\/td>\n<td style=\"width: 19.15801614763553%; text-align: center; background-color: #edbbbb; height: 168px;\">\n<div class=\"column\">\n<p><a href=\"https:\/\/camerapulitica.fr\/index.php\/2024\/11\/06\/le-jour-de-ma-mort\/\" target=\"_blank\" rel=\"noopener\"><em><strong>LE JOUR DE MA MORT<\/strong><\/em><\/a><br \/>\nde Thierry de Peretti<\/p>\n<p><a href=\"https:\/\/camerapulitica.fr\/index.php\/2024\/11\/06\/jouer-avec-le-feu\/\" target=\"_blank\" rel=\"noopener\"><em><strong>JOUER AVEC LE FEU<\/strong><\/em><\/a><br \/>\nde Delphine Coulin et Muriel Coulin<\/p>\n<\/div>\n<\/td>\n<td style=\"width: 18.881199538638985%; text-align: center; background-color: #edbbbb; height: 168px;\">\n<div class=\"column\">\n<p><a href=\"https:\/\/camerapulitica.fr\/index.php\/2024\/11\/06\/assassins\/\" target=\"_blank\" rel=\"noopener\"><em><strong>ASSASSINS<\/strong><\/em><\/a><br \/>\nde Laurent Simonpoli<\/p>\n<p><a href=\"https:\/\/camerapulitica.fr\/index.php\/2024\/11\/06\/le-systeme-victoria\/\" target=\"_blank\" rel=\"noopener\"><em><strong>LE SYSTE\u0300ME VICTORIA<\/strong><\/em><\/a><br \/>\nde Sylvain Desclous<\/p>\n<\/div>\n<\/td>\n<\/tr>\n<\/tbody>\n<\/table>\n<p>&nbsp;<\/p>\n<p>Pour acheter votre place, cliquez sur le titre du film.<\/p>\n<p>L'acc\u00e8s aux causeries, masterclass et rendez-vous est gratuit.<\/p>\n<\/div>\n<\/div><\/div><\/div><\/div><\/div><\/div><\/div>","protected":false},"excerpt":{"rendered":"<p>T\u00e9l\u00e9charger le d\u00e9pliant Mercredi 20\u00a0 Jeudi 21\u00a0 Vendredi 22\u00a0 Samedi 23\u00a0 Dimanche 24 9h30 LE BRIO d\u2019Yvan Attal LA PETITE BANDE de Pierre Salvadori 14h \u00c9TATS DES LEUX SUR L&rsquo;ENGAGEMENT DE LA JEUNESSE Causerie anim\u00e9e par Isabelle Ferracci (COLL\u00c8GE DE BIGUGLIA) ANNA de Marco Amenta THE WALL de Philippe Van [&hellip;]<\/p>\n","protected":false},"author":2,"featured_media":0,"parent":0,"menu_order":0,"comment_status":"closed","ping_status":"closed","template":"page-templates\/page_fullwidth.php","meta":{"footnotes":""},"class_list":["post-315","page","type-page","status-publish","hentry"],"_links":{"self":[{"href":"https:\/\/camerapulitica.fr\/index.php\/wp-json\/wp\/v2\/pages\/315","targetHints":{"allow":["GET"]}}],"collection":[{"href":"https:\/\/camerapulitica.fr\/index.php\/wp-json\/wp\/v2\/pages"}],"about":[{"href":"https:\/\/camerapulitica.fr\/index.php\/wp-json\/wp\/v2\/types\/page"}],"author":[{"embeddable":true,"href":"https:\/\/camerapulitica.fr\/index.php\/wp-json\/wp\/v2\/users\/2"}],"replies":[{"embeddable":true,"href":"https:\/\/camerapulitica.fr\/index.php\/wp-json\/wp\/v2\/comments?post=315"}],"version-history":[{"count":24,"href":"https:\/\/camerapulitica.fr\/index.php\/wp-json\/wp\/v2\/pages\/315\/revisions"}],"predecessor-version":[{"id":810,"href":"https:\/\/camerapulitica.fr\/index.php\/wp-json\/wp\/v2\/pages\/315\/revisions\/810"}],"wp:attachment":[{"href":"https:\/\/camerapulitica.fr\/index.php\/wp-json\/wp\/v2\/media?parent=315"}],"curies":[{"name":"wp","href":"https:\/\/api.w.org\/{rel}","templated":true}]}}